{"id":1406,"date":"2026-01-12T11:24:55","date_gmt":"2026-01-12T10:24:55","guid":{"rendered":"https:\/\/staging.re-lion-factory.com\/?page_id=1406"},"modified":"2026-02-27T10:49:21","modified_gmt":"2026-02-27T09:49:21","slug":"nos-engagements","status":"publish","type":"page","link":"https:\/\/staging.re-lion-factory.com\/?page_id=1406","title":{"rendered":"Nos engagements"},"content":{"rendered":"\t\t<div data-elementor-type=\"wp-page\" data-elementor-id=\"1406\" class=\"elementor elementor-1406\" data-elementor-post-type=\"page\">\n\t\t\t\t<div class=\"elementor-element elementor-element-7a8b407 e-flex e-con-boxed wpr-particle-no wpr-jarallax-no wpr-parallax-no wpr-sticky-section-no wpr-equal-height-no e-con e-parent\" data-id=\"7a8b407\" data-element_type=\"container\" data-e-type=\"container\" data-settings=\"{&quot;background_background&quot;:&quot;classic&quot;}\">\n\t\t\t\t\t<div class=\"e-con-inner\">\n\t\t<div class=\"elementor-element elementor-element-1da6100 e-con-full e-flex wpr-particle-no wpr-jarallax-no wpr-parallax-no wpr-sticky-section-no wpr-equal-height-no e-con e-child\" data-id=\"1da6100\" data-element_type=\"container\" data-e-type=\"container\" data-settings=\"{&quot;background_background&quot;:&quot;classic&quot;}\">\n\t\t<div class=\"elementor-element elementor-element-e11b283 e-con-full e-flex wpr-particle-no wpr-jarallax-no wpr-parallax-no wpr-sticky-section-no wpr-equal-height-no elementor-invisible e-con e-child\" data-id=\"e11b283\" data-element_type=\"container\" data-e-type=\"container\" data-settings=\"{&quot;background_background&quot;:&quot;classic&quot;,&quot;animation&quot;:&quot;fadeInDown&quot;}\">\n\t\t<div class=\"elementor-element elementor-element-c25858b e-con-full e-flex wpr-particle-no wpr-jarallax-no wpr-parallax-no wpr-sticky-section-no wpr-equal-height-no e-con e-child\" data-id=\"c25858b\" data-element_type=\"container\" data-e-type=\"container\">\n\t\t\t\t<div class=\"elementor-element elementor-element-f720df9 elementor-widget elementor-widget-spacer\" data-id=\"f720df9\" data-element_type=\"widget\" data-e-type=\"widget\" data-widget_type=\"spacer.default\">\n\t\t\t\t\t\t\t<div class=\"elementor-spacer\">\n\t\t\t<div class=\"elementor-spacer-inner\"><\/div>\n\t\t<\/div>\n\t\t\t\t\t\t<\/div>\n\t\t\t\t<div class=\"elementor-element elementor-element-d28d9d2 elementor-widget elementor-widget-heading\" data-id=\"d28d9d2\" data-element_type=\"widget\" data-e-type=\"widget\" data-widget_type=\"heading.default\">\n\t\t\t\t\t<h2 class=\"elementor-heading-title elementor-size-default\">Nos engagements<\/h2>\t\t\t\t<\/div>\n\t\t\t\t<div class=\"elementor-element elementor-element-e9e4fe4 elementor-widget-divider--view-line elementor-widget elementor-widget-divider\" data-id=\"e9e4fe4\" data-element_type=\"widget\" data-e-type=\"widget\" data-widget_type=\"divider.default\">\n\t\t\t\t\t\t\t<div class=\"elementor-divider\">\n\t\t\t<span class=\"elementor-divider-separator\">\n\t\t\t\t\t\t<\/span>\n\t\t<\/div>\n\t\t\t\t\t\t<\/div>\n\t\t\t\t<div class=\"elementor-element elementor-element-c92e927 elementor-widget elementor-widget-heading\" data-id=\"c92e927\" data-element_type=\"widget\" data-e-type=\"widget\" data-widget_type=\"heading.default\">\n\t\t\t\t\t<h2 class=\"elementor-heading-title elementor-size-default\">Nos engagements sont au c\u0153ur de notre mission. Nous nous effor\u00e7ons de respecter les plus hauts standards d'\u00e9thique, de durabilit\u00e9 et de responsabilit\u00e9 sociale. Nous nous engageons \u00e0 offrir des produits de qualit\u00e9, \u00e0 minimiser notre impact environnemental et \u00e0 soutenir les communaut\u00e9s locales. Notre objectif est de cr\u00e9er une valeur durable pour nos clients, nos employ\u00e9s et la soci\u00e9t\u00e9 dans son ensemble.<\/h2>\t\t\t\t<\/div>\n\t\t\t\t<div class=\"elementor-element elementor-element-4766a33 elementor-widget elementor-widget-spacer\" data-id=\"4766a33\" data-element_type=\"widget\" data-e-type=\"widget\" data-widget_type=\"spacer.default\">\n\t\t\t\t\t\t\t<div class=\"elementor-spacer\">\n\t\t\t<div class=\"elementor-spacer-inner\"><\/div>\n\t\t<\/div>\n\t\t\t\t\t\t<\/div>\n\t\t\t\t<\/div>\n\t\t\t\t<\/div>\n\t\t\t\t<\/div>\n\t\t\t\t\t<\/div>\n\t\t\t\t<\/div>\n\t\t<div class=\"elementor-element elementor-element-83e9e95 e-flex e-con-boxed wpr-particle-no wpr-jarallax-no wpr-parallax-no wpr-sticky-section-no wpr-equal-height-no e-con e-parent\" data-id=\"83e9e95\" data-element_type=\"container\" data-e-type=\"container\">\n\t\t\t\t\t<div class=\"e-con-inner\">\n\t\t\t\t<div class=\"elementor-element elementor-element-2194ada elementor-widget elementor-widget-spacer\" data-id=\"2194ada\" data-element_type=\"widget\" data-e-type=\"widget\" data-widget_type=\"spacer.default\">\n\t\t\t\t\t\t\t<div class=\"elementor-spacer\">\n\t\t\t<div class=\"elementor-spacer-inner\"><\/div>\n\t\t<\/div>\n\t\t\t\t\t\t<\/div>\n\t\t\t\t<div class=\"elementor-element elementor-element-5d61ff1 elementor-widget elementor-widget-heading\" data-id=\"5d61ff1\" data-element_type=\"widget\" data-e-type=\"widget\" data-widget_type=\"heading.default\">\n\t\t\t\t\t<h2 class=\"elementor-heading-title elementor-size-default\">L\u2019\u00e9nergie lithium durable, pens\u00e9e et produite en France.<\/h2>\t\t\t\t<\/div>\n\t\t\t\t<div class=\"elementor-element elementor-element-a9d2656 elementor-widget elementor-widget-spacer\" data-id=\"a9d2656\" data-element_type=\"widget\" data-e-type=\"widget\" data-widget_type=\"spacer.default\">\n\t\t\t\t\t\t\t<div class=\"elementor-spacer\">\n\t\t\t<div class=\"elementor-spacer-inner\"><\/div>\n\t\t<\/div>\n\t\t\t\t\t\t<\/div>\n\t\t\t\t\t<\/div>\n\t\t\t\t<\/div>\n\t\t<div class=\"elementor-element elementor-element-78d0667 e-flex e-con-boxed wpr-particle-no wpr-jarallax-no wpr-parallax-no wpr-sticky-section-no wpr-equal-height-no e-con e-parent\" data-id=\"78d0667\" data-element_type=\"container\" data-e-type=\"container\">\n\t\t\t\t\t<div class=\"e-con-inner\">\n\t\t<div class=\"elementor-element elementor-element-50a9c1f e-con-full e-flex wpr-particle-no wpr-jarallax-no wpr-parallax-no wpr-sticky-section-no wpr-equal-height-no e-con e-child\" data-id=\"50a9c1f\" data-element_type=\"container\" data-e-type=\"container\">\n\t\t\t\t<div class=\"elementor-element elementor-element-5a0a661 elementor-widget elementor-widget-heading\" data-id=\"5a0a661\" data-element_type=\"widget\" data-e-type=\"widget\" data-widget_type=\"heading.default\">\n\t\t\t\t\t<h2 class=\"elementor-heading-title elementor-size-default\">Ajoutez votre titre ici<\/h2>\t\t\t\t<\/div>\n\t\t\t\t<div class=\"elementor-element elementor-element-276e195 elementor-widget-divider--view-line elementor-widget elementor-widget-divider\" data-id=\"276e195\" data-element_type=\"widget\" data-e-type=\"widget\" data-widget_type=\"divider.default\">\n\t\t\t\t\t\t\t<div class=\"elementor-divider\">\n\t\t\t<span class=\"elementor-divider-separator\">\n\t\t\t\t\t\t<\/span>\n\t\t<\/div>\n\t\t\t\t\t\t<\/div>\n\t\t\t\t<div class=\"elementor-element elementor-element-f0c8ec4 elementor-widget elementor-widget-text-editor\" data-id=\"f0c8ec4\" data-element_type=\"widget\" data-e-type=\"widget\" data-widget_type=\"text-editor.default\">\n\t\t\t\t\t\t\t\t\t<p>Lorem ipsum dolor sit amet, consectetur adipiscing elit. Ut elit tellus, luctus nec ullamcorper mattis, pulvinar dapibus leo.<\/p>\t\t\t\t\t\t\t\t<\/div>\n\t\t\t\t<\/div>\n\t\t<div class=\"elementor-element elementor-element-0b4ecbc e-con-full e-flex wpr-particle-no wpr-jarallax-no wpr-parallax-no wpr-sticky-section-no wpr-equal-height-no e-con e-child\" data-id=\"0b4ecbc\" data-element_type=\"container\" data-e-type=\"container\">\n\t\t\t\t<div class=\"elementor-element elementor-element-327d0e8 elementor-widget elementor-widget-image\" data-id=\"327d0e8\" data-element_type=\"widget\" data-e-type=\"widget\" data-widget_type=\"image.default\">\n\t\t\t\t\t\t\t\t\t\t\t\t\t\t\t<img fetchpriority=\"high\" decoding=\"async\" width=\"800\" height=\"534\" src=\"https:\/\/staging.re-lion-factory.com\/wp-content\/uploads\/2026\/02\/Mur-batterie-1024x683.webp\" class=\"attachment-large size-large wp-image-4146\" alt=\"\" srcset=\"https:\/\/staging.re-lion-factory.com\/wp-content\/uploads\/2026\/02\/Mur-batterie-1024x683.webp 1024w, https:\/\/staging.re-lion-factory.com\/wp-content\/uploads\/2026\/02\/Mur-batterie-300x200.webp 300w, https:\/\/staging.re-lion-factory.com\/wp-content\/uploads\/2026\/02\/Mur-batterie-768x512.webp 768w, https:\/\/staging.re-lion-factory.com\/wp-content\/uploads\/2026\/02\/Mur-batterie.webp 1536w\" sizes=\"(max-width: 800px) 100vw, 800px\" \/>\t\t\t\t\t\t\t\t\t\t\t\t\t\t\t<\/div>\n\t\t\t\t<\/div>\n\t\t\t\t\t<\/div>\n\t\t\t\t<\/div>\n\t\t\t\t<\/div>\n\t\t","protected":false},"excerpt":{"rendered":"<p>Nos engagements Nos engagements sont au c\u0153ur de notre mission. Nous nous effor\u00e7ons de respecter les plus hauts standards d&rsquo;\u00e9thique, de durabilit\u00e9 et de responsabilit\u00e9 sociale. Nous nous engageons \u00e0 offrir des produits de qualit\u00e9, \u00e0 minimiser notre impact environnemental et \u00e0 soutenir les communaut\u00e9s locales. Notre objectif est de cr\u00e9er une valeur durable pour nos clients, nos employ\u00e9s et la soci\u00e9t\u00e9 dans son ensemble. L\u2019\u00e9nergie lithium durable, pens\u00e9e et produite en France. Ajoutez votre titre ici Lorem ipsum dolor sit amet, consectetur adipiscing elit. Ut elit tellus, luctus nec ullamcorper mattis, pulvinar dapibus leo.<\/p>\n","protected":false},"author":2,"featured_media":0,"parent":0,"menu_order":0,"comment_status":"closed","ping_status":"closed","template":"elementor_header_footer","meta":{"footnotes":""},"class_list":["post-1406","page","type-page","status-publish","hentry"],"yoast_head":"<!-- This site is optimized with the Yoast SEO plugin v27.4 - https:\/\/yoast.com\/product\/yoast-seo-wordpress\/ -->\n<title>Nos engagements - Re-Lion Factory<\/title>\n<meta name=\"robots\" content=\"noindex, follow, max-snippet:-1, max-image-preview:large, max-video-preview:-1\" \/>\n<meta property=\"og:locale\" content=\"fr_FR\" \/>\n<meta property=\"og:type\" content=\"article\" \/>\n<meta property=\"og:title\" content=\"Nos engagements - Re-Lion Factory\" \/>\n<meta property=\"og:description\" content=\"Nos engagements Nos engagements sont au c\u0153ur de notre mission. Nous nous effor\u00e7ons de respecter les plus hauts standards d&rsquo;\u00e9thique, de durabilit\u00e9 et de responsabilit\u00e9 sociale. Nous nous engageons \u00e0 offrir des produits de qualit\u00e9, \u00e0 minimiser notre impact environnemental et \u00e0 soutenir les communaut\u00e9s locales. Notre objectif est de cr\u00e9er une valeur durable pour nos clients, nos employ\u00e9s et la soci\u00e9t\u00e9 dans son ensemble. L\u2019\u00e9nergie lithium durable, pens\u00e9e et produite en France. Ajoutez votre titre ici Lorem ipsum dolor sit amet, consectetur adipiscing elit. Ut elit tellus, luctus nec ullamcorper mattis, pulvinar dapibus leo.\" \/>\n<meta property=\"og:url\" content=\"https:\/\/staging.re-lion-factory.com\/?page_id=1406\" \/>\n<meta property=\"og:site_name\" content=\"Re-Lion Factory\" \/>\n<meta property=\"article:modified_time\" content=\"2026-02-27T09:49:21+00:00\" \/>\n<meta property=\"og:image\" content=\"http:\/\/staging.re-lion-factory.com\/wp-content\/uploads\/2026\/02\/Mur-batterie-1024x683.webp\" \/>\n<meta name=\"twitter:card\" content=\"summary_large_image\" \/>\n<meta name=\"twitter:label1\" content=\"Dur\u00e9e de lecture estim\u00e9e\" \/>\n\t<meta name=\"twitter:data1\" content=\"1 minute\" \/>\n<script type=\"application\/ld+json\" class=\"yoast-schema-graph\">{\"@context\":\"https:\\\/\\\/schema.org\",\"@graph\":[{\"@type\":\"WebPage\",\"@id\":\"https:\\\/\\\/staging.re-lion-factory.com\\\/?page_id=1406\",\"url\":\"https:\\\/\\\/staging.re-lion-factory.com\\\/?page_id=1406\",\"name\":\"Nos engagements - Re-Lion Factory\",\"isPartOf\":{\"@id\":\"https:\\\/\\\/staging.re-lion-factory.com\\\/#website\"},\"primaryImageOfPage\":{\"@id\":\"https:\\\/\\\/staging.re-lion-factory.com\\\/?page_id=1406#primaryimage\"},\"image\":{\"@id\":\"https:\\\/\\\/staging.re-lion-factory.com\\\/?page_id=1406#primaryimage\"},\"thumbnailUrl\":\"http:\\\/\\\/staging.re-lion-factory.com\\\/wp-content\\\/uploads\\\/2026\\\/02\\\/Mur-batterie-1024x683.webp\",\"datePublished\":\"2026-01-12T10:24:55+00:00\",\"dateModified\":\"2026-02-27T09:49:21+00:00\",\"breadcrumb\":{\"@id\":\"https:\\\/\\\/staging.re-lion-factory.com\\\/?page_id=1406#breadcrumb\"},\"inLanguage\":\"fr-FR\",\"potentialAction\":[{\"@type\":\"ReadAction\",\"target\":[\"https:\\\/\\\/staging.re-lion-factory.com\\\/?page_id=1406\"]}]},{\"@type\":\"ImageObject\",\"inLanguage\":\"fr-FR\",\"@id\":\"https:\\\/\\\/staging.re-lion-factory.com\\\/?page_id=1406#primaryimage\",\"url\":\"https:\\\/\\\/staging.re-lion-factory.com\\\/wp-content\\\/uploads\\\/2026\\\/02\\\/Mur-batterie.webp\",\"contentUrl\":\"https:\\\/\\\/staging.re-lion-factory.com\\\/wp-content\\\/uploads\\\/2026\\\/02\\\/Mur-batterie.webp\",\"width\":1536,\"height\":1024},{\"@type\":\"BreadcrumbList\",\"@id\":\"https:\\\/\\\/staging.re-lion-factory.com\\\/?page_id=1406#breadcrumb\",\"itemListElement\":[{\"@type\":\"ListItem\",\"position\":1,\"name\":\"Accueil\",\"item\":\"https:\\\/\\\/staging.re-lion-factory.com\\\/\"},{\"@type\":\"ListItem\",\"position\":2,\"name\":\"Nos engagements\"}]},{\"@type\":\"WebSite\",\"@id\":\"https:\\\/\\\/staging.re-lion-factory.com\\\/#website\",\"url\":\"https:\\\/\\\/staging.re-lion-factory.com\\\/\",\"name\":\"Re-lion Factory\",\"description\":\"Concevoir et d\u00e9ployer des batteries reconditionn\u00e9es fran\u00e7aises, performantes et tra\u00e7ables, afin de rendre l\u2019\u00e9nergie circulaire accessible et fiable.\",\"publisher\":{\"@id\":\"https:\\\/\\\/staging.re-lion-factory.com\\\/#organization\"},\"potentialAction\":[{\"@type\":\"SearchAction\",\"target\":{\"@type\":\"EntryPoint\",\"urlTemplate\":\"https:\\\/\\\/staging.re-lion-factory.com\\\/?s={search_term_string}\"},\"query-input\":{\"@type\":\"PropertyValueSpecification\",\"valueRequired\":true,\"valueName\":\"search_term_string\"}}],\"inLanguage\":\"fr-FR\"},{\"@type\":\"Organization\",\"@id\":\"https:\\\/\\\/staging.re-lion-factory.com\\\/#organization\",\"name\":\"Re-lion Factory\",\"url\":\"https:\\\/\\\/staging.re-lion-factory.com\\\/\",\"logo\":{\"@type\":\"ImageObject\",\"inLanguage\":\"fr-FR\",\"@id\":\"https:\\\/\\\/staging.re-lion-factory.com\\\/#\\\/schema\\\/logo\\\/image\\\/\",\"url\":\"https:\\\/\\\/staging.re-lion-factory.com\\\/wp-content\\\/uploads\\\/2025\\\/12\\\/LOGO-bleu-RE-LION-FACTORY-2nd-Life-V3.webp\",\"contentUrl\":\"https:\\\/\\\/staging.re-lion-factory.com\\\/wp-content\\\/uploads\\\/2025\\\/12\\\/LOGO-bleu-RE-LION-FACTORY-2nd-Life-V3.webp\",\"width\":871,\"height\":420,\"caption\":\"Re-lion Factory\"},\"image\":{\"@id\":\"https:\\\/\\\/staging.re-lion-factory.com\\\/#\\\/schema\\\/logo\\\/image\\\/\"},\"sameAs\":[\"https:\\\/\\\/fr.linkedin.com\\\/company\\\/re-lion-factory\"]}]}<\/script>\n<!-- \/ Yoast SEO plugin. -->","yoast_head_json":{"title":"Nos engagements - Re-Lion Factory","robots":{"index":"noindex","follow":"follow","max-snippet":"max-snippet:-1","max-image-preview":"max-image-preview:large","max-video-preview":"max-video-preview:-1"},"og_locale":"fr_FR","og_type":"article","og_title":"Nos engagements - Re-Lion Factory","og_description":"Nos engagements Nos engagements sont au c\u0153ur de notre mission. Nous nous effor\u00e7ons de respecter les plus hauts standards d&rsquo;\u00e9thique, de durabilit\u00e9 et de responsabilit\u00e9 sociale. Nous nous engageons \u00e0 offrir des produits de qualit\u00e9, \u00e0 minimiser notre impact environnemental et \u00e0 soutenir les communaut\u00e9s locales. Notre objectif est de cr\u00e9er une valeur durable pour nos clients, nos employ\u00e9s et la soci\u00e9t\u00e9 dans son ensemble. L\u2019\u00e9nergie lithium durable, pens\u00e9e et produite en France. Ajoutez votre titre ici Lorem ipsum dolor sit amet, consectetur adipiscing elit. Ut elit tellus, luctus nec ullamcorper mattis, pulvinar dapibus leo.","og_url":"https:\/\/staging.re-lion-factory.com\/?page_id=1406","og_site_name":"Re-Lion Factory","article_modified_time":"2026-02-27T09:49:21+00:00","og_image":[{"url":"http:\/\/staging.re-lion-factory.com\/wp-content\/uploads\/2026\/02\/Mur-batterie-1024x683.webp","type":"","width":"","height":""}],"twitter_card":"summary_large_image","twitter_misc":{"Dur\u00e9e de lecture estim\u00e9e":"1 minute"},"schema":{"@context":"https:\/\/schema.org","@graph":[{"@type":"WebPage","@id":"https:\/\/staging.re-lion-factory.com\/?page_id=1406","url":"https:\/\/staging.re-lion-factory.com\/?page_id=1406","name":"Nos engagements - Re-Lion Factory","isPartOf":{"@id":"https:\/\/staging.re-lion-factory.com\/#website"},"primaryImageOfPage":{"@id":"https:\/\/staging.re-lion-factory.com\/?page_id=1406#primaryimage"},"image":{"@id":"https:\/\/staging.re-lion-factory.com\/?page_id=1406#primaryimage"},"thumbnailUrl":"http:\/\/staging.re-lion-factory.com\/wp-content\/uploads\/2026\/02\/Mur-batterie-1024x683.webp","datePublished":"2026-01-12T10:24:55+00:00","dateModified":"2026-02-27T09:49:21+00:00","breadcrumb":{"@id":"https:\/\/staging.re-lion-factory.com\/?page_id=1406#breadcrumb"},"inLanguage":"fr-FR","potentialAction":[{"@type":"ReadAction","target":["https:\/\/staging.re-lion-factory.com\/?page_id=1406"]}]},{"@type":"ImageObject","inLanguage":"fr-FR","@id":"https:\/\/staging.re-lion-factory.com\/?page_id=1406#primaryimage","url":"https:\/\/staging.re-lion-factory.com\/wp-content\/uploads\/2026\/02\/Mur-batterie.webp","contentUrl":"https:\/\/staging.re-lion-factory.com\/wp-content\/uploads\/2026\/02\/Mur-batterie.webp","width":1536,"height":1024},{"@type":"BreadcrumbList","@id":"https:\/\/staging.re-lion-factory.com\/?page_id=1406#breadcrumb","itemListElement":[{"@type":"ListItem","position":1,"name":"Accueil","item":"https:\/\/staging.re-lion-factory.com\/"},{"@type":"ListItem","position":2,"name":"Nos engagements"}]},{"@type":"WebSite","@id":"https:\/\/staging.re-lion-factory.com\/#website","url":"https:\/\/staging.re-lion-factory.com\/","name":"Re-lion Factory","description":"Concevoir et d\u00e9ployer des batteries reconditionn\u00e9es fran\u00e7aises, performantes et tra\u00e7ables, afin de rendre l\u2019\u00e9nergie circulaire accessible et fiable.","publisher":{"@id":"https:\/\/staging.re-lion-factory.com\/#organization"},"potentialAction":[{"@type":"SearchAction","target":{"@type":"EntryPoint","urlTemplate":"https:\/\/staging.re-lion-factory.com\/?s={search_term_string}"},"query-input":{"@type":"PropertyValueSpecification","valueRequired":true,"valueName":"search_term_string"}}],"inLanguage":"fr-FR"},{"@type":"Organization","@id":"https:\/\/staging.re-lion-factory.com\/#organization","name":"Re-lion Factory","url":"https:\/\/staging.re-lion-factory.com\/","logo":{"@type":"ImageObject","inLanguage":"fr-FR","@id":"https:\/\/staging.re-lion-factory.com\/#\/schema\/logo\/image\/","url":"https:\/\/staging.re-lion-factory.com\/wp-content\/uploads\/2025\/12\/LOGO-bleu-RE-LION-FACTORY-2nd-Life-V3.webp","contentUrl":"https:\/\/staging.re-lion-factory.com\/wp-content\/uploads\/2025\/12\/LOGO-bleu-RE-LION-FACTORY-2nd-Life-V3.webp","width":871,"height":420,"caption":"Re-lion Factory"},"image":{"@id":"https:\/\/staging.re-lion-factory.com\/#\/schema\/logo\/image\/"},"sameAs":["https:\/\/fr.linkedin.com\/company\/re-lion-factory"]}]}},"_links":{"self":[{"href":"https:\/\/staging.re-lion-factory.com\/index.php?rest_route=\/wp\/v2\/pages\/1406","targetHints":{"allow":["GET"]}}],"collection":[{"href":"https:\/\/staging.re-lion-factory.com\/index.php?rest_route=\/wp\/v2\/pages"}],"about":[{"href":"https:\/\/staging.re-lion-factory.com\/index.php?rest_route=\/wp\/v2\/types\/page"}],"author":[{"embeddable":true,"href":"https:\/\/staging.re-lion-factory.com\/index.php?rest_route=\/wp\/v2\/users\/2"}],"replies":[{"embeddable":true,"href":"https:\/\/staging.re-lion-factory.com\/index.php?rest_route=%2Fwp%2Fv2%2Fcomments&post=1406"}],"version-history":[{"count":19,"href":"https:\/\/staging.re-lion-factory.com\/index.php?rest_route=\/wp\/v2\/pages\/1406\/revisions"}],"predecessor-version":[{"id":5312,"href":"https:\/\/staging.re-lion-factory.com\/index.php?rest_route=\/wp\/v2\/pages\/1406\/revisions\/5312"}],"wp:attachment":[{"href":"https:\/\/staging.re-lion-factory.com\/index.php?rest_route=%2Fwp%2Fv2%2Fmedia&parent=1406"}],"curies":[{"name":"wp","href":"https:\/\/api.w.org\/{rel}","templated":true}]}}